{"id":2140,"date":"2023-10-04T23:14:46","date_gmt":"2023-10-04T23:14:46","guid":{"rendered":"http:\/\/schwertkampf-sekol.org\/?page_id=2140"},"modified":"2024-08-10T08:07:15","modified_gmt":"2024-08-10T08:07:15","slug":"abmelden","status":"publish","type":"page","link":"https:\/\/schwertkampf-sekol.org\/sl\/abmelden\/","title":{"rendered":"Abmeldung"},"content":{"rendered":"\t\t<div data-elementor-type=\"wp-page\" data-elementor-id=\"2140\" class=\"elementor elementor-2140\">\n\t\t\t\t\t\t<section class=\"elementor-section elementor-top-section elementor-element elementor-element-4c23d88a elementor-section-content-middle elementor-section-height-full elementor-section-boxed elementor-section-height-default elementor-section-items-middle wpr-particle-no wpr-parallax-no wpr-sticky-section-no\" data-id=\"4c23d88a\" data-element_type=\"section\" data-e-type=\"section\" data-settings=\"{&quot;background_background&quot;:&quot;classic&quot;}\">\n\t\t\t\t\t\t<div class=\"elementor-container elementor-column-gap-default\">\n\t\t\t\t\t<div class=\"elementor-column elementor-col-66 elementor-top-column elementor-element elementor-element-4c8ae0bb\" data-id=\"4c8ae0bb\" data-element_type=\"column\" data-e-type=\"column\" data-settings=\"{&quot;background_background&quot;:&quot;classic&quot;}\">\n\t\t\t<div class=\"elementor-widget-wrap elementor-element-populated\">\n\t\t\t\t\t\t<div class=\"elementor-element elementor-element-6f3f469b elementor-widget-divider--view-line_text elementor-widget-divider--element-align-left elementor-widget elementor-widget-divider\" data-id=\"6f3f469b\" data-element_type=\"widget\" data-e-type=\"widget\" data-widget_type=\"divider.default\">\n\t\t\t\t<div class=\"elementor-widget-container\">\n\t\t\t\t\t\t\t<div class=\"elementor-divider\">\n\t\t\t<span class=\"elementor-divider-separator\">\n\t\t\t\t\t\t\t<h3 class=\"elementor-divider__text elementor-divider__element\">\n\t\t\t\tE-Mails, Newsletter &amp; Marketing\t\t\t\t<\/h3>\n\t\t\t\t\t\t<\/span>\n\t\t<\/div>\n\t\t\t\t\t\t<\/div>\n\t\t\t\t<\/div>\n\t\t\t\t<div class=\"elementor-element elementor-element-45f67c2b elementor-widget elementor-widget-heading\" data-id=\"45f67c2b\" data-element_type=\"widget\" data-e-type=\"widget\" data-widget_type=\"heading.default\">\n\t\t\t\t<div class=\"elementor-widget-container\">\n\t\t\t\t\t<h1 class=\"elementor-heading-title elementor-size-default\">Abmelden von E-Mails<\/h1>\t\t\t\t<\/div>\n\t\t\t\t<\/div>\n\t\t\t\t<div class=\"elementor-element elementor-element-2d3e1144 elementor-widget elementor-widget-heading\" data-id=\"2d3e1144\" data-element_type=\"widget\" data-e-type=\"widget\" data-widget_type=\"heading.default\">\n\t\t\t\t<div class=\"elementor-widget-container\">\n\t\t\t\t\t<h2 class=\"elementor-heading-title elementor-size-default\">Wir hoffen, dich bald wiederzusehen!<\/h2>\t\t\t\t<\/div>\n\t\t\t\t<\/div>\n\t\t\t\t\t<\/div>\n\t\t<\/div>\n\t\t\t\t<div class=\"elementor-column elementor-col-33 elementor-top-column elementor-element elementor-element-1c071d60 elementor-hidden-mobile\" data-id=\"1c071d60\" data-element_type=\"column\" data-e-type=\"column\">\n\t\t\t<div class=\"elementor-widget-wrap\">\n\t\t\t\t\t\t\t<\/div>\n\t\t<\/div>\n\t\t\t\t\t<\/div>\n\t\t<\/section>\n\t\t<div class=\"elementor-element elementor-element-d53a9a2 e-flex e-con-boxed wpr-particle-no wpr-jarallax-no wpr-parallax-no wpr-sticky-section-no e-con e-parent\" data-id=\"d53a9a2\" data-element_type=\"container\" data-e-type=\"container\">\n\t\t\t\t\t<div class=\"e-con-inner\">\n\t\t\t\t<div class=\"elementor-element elementor-element-1dfd99c elementor-widget elementor-widget-shortcode\" data-id=\"1dfd99c\" data-element_type=\"widget\" data-e-type=\"widget\" data-widget_type=\"shortcode.default\">\n\t\t\t\t<div class=\"elementor-widget-container\">\n\t\t\t\t\t\t\t<div class=\"elementor-shortcode\"><div class=\"wpforms-container wpforms-render-modern\" id=\"wpforms-2142\"><form id=\"wpforms-form-2142\" class=\"wpforms-validate wpforms-form wpforms-ajax-form\" data-formid=\"2142\" method=\"post\" enctype=\"multipart\/form-data\" action=\"\/sl\/wp-json\/wp\/v2\/pages\/2140\" data-token=\"e9b487fb74912c166ca2267f1f139296\" data-token-time=\"1776175559\"><noscript class=\"wpforms-error-noscript\">Please enable JavaScript in your browser to complete this form.<\/noscript><div id=\"wpforms-error-noscript\" style=\"display: none;\">Please enable JavaScript in your browser to complete this form.<\/div><div class=\"wpforms-field-container\"><div id=\"wpforms-2142-field_1-container\" class=\"wpforms-field wpforms-field-name\" data-field-id=\"1\"><label class=\"wpforms-field-label\" for=\"wpforms-2142-field_1\">Name und Nachname <span class=\"wpforms-required-label\" aria-hidden=\"true\">*<\/span><\/label><input type=\"text\" id=\"wpforms-2142-field_1\" class=\"wpforms-field-medium wpforms-field-required\" name=\"wpforms[fields][1]\" aria-errormessage=\"wpforms-2142-field_1-error\" required><\/div><div id=\"wpforms-2142-field_2-container\" class=\"wpforms-field wpforms-field-email\" data-field-id=\"2\"><label class=\"wpforms-field-label\" for=\"wpforms-2142-field_2\">E-Mail <span class=\"wpforms-required-label\" aria-hidden=\"true\">*<\/span><\/label><input type=\"email\" id=\"wpforms-2142-field_2\" class=\"wpforms-field-medium wpforms-field-required\" name=\"wpforms[fields][2]\" spellcheck=\"false\" aria-errormessage=\"wpforms-2142-field_2-error\" required><\/div><div id=\"wpforms-2142-field_4-container\" class=\"wpforms-field wpforms-field-radio\" data-field-id=\"4\"><fieldset><legend class=\"wpforms-field-label\">Ich m\u00f6chte mich abmelden von<\/legend><ul id=\"wpforms-2142-field_4\"><li class=\"choice-1 depth-1 wpforms-selected\"><input type=\"radio\" id=\"wpforms-2142-field_4_1\" name=\"wpforms[fields][4]\" value=\"Newsletters erhalten\" aria-errormessage=\"wpforms-2142-field_4_1-error\"   checked='checked'><label class=\"wpforms-field-label-inline\" for=\"wpforms-2142-field_4_1\">Newsletters erhalten<\/label><\/li><li class=\"choice-2 depth-1\"><input type=\"radio\" id=\"wpforms-2142-field_4_2\" name=\"wpforms[fields][4]\" value=\"Erhalt von Angeboten und Marketingkampagnen\" aria-errormessage=\"wpforms-2142-field_4_2-error\"  ><label class=\"wpforms-field-label-inline\" for=\"wpforms-2142-field_4_2\">Erhalt von Angeboten und Marketingkampagnen<\/label><\/li><li class=\"choice-3 depth-1\"><input type=\"radio\" id=\"wpforms-2142-field_4_3\" name=\"wpforms[fields][4]\" value=\"von allem\" aria-errormessage=\"wpforms-2142-field_4_3-error\"  ><label class=\"wpforms-field-label-inline\" for=\"wpforms-2142-field_4_3\">von allem<\/label><\/li><\/ul><\/fieldset><\/div><\/div><!-- .wpforms-field-container --><div class=\"wpforms-recaptcha-container wpforms-is-turnstile\" ><div class=\"wpforms-turnstile\" data-sitekey=\"0x4AAAAAAAhZA8Aentnk9Tlr\" data-action=\"FormID-2142\"><\/div><input type=\"text\" name=\"g-recaptcha-hidden\" class=\"wpforms-recaptcha-hidden\" style=\"position:absolute!important;clip:rect(0,0,0,0)!important;height:1px!important;width:1px!important;border:0!important;overflow:hidden!important;padding:0!important;margin:0!important;\" data-rule-turnstile=\"1\"><\/div><div class=\"wpforms-submit-container\" ><input type=\"hidden\" name=\"wpforms[id]\" value=\"2142\"><input type=\"hidden\" name=\"page_title\" value=\"\"><input type=\"hidden\" name=\"page_url\" value=\"https:\/\/schwertkampf-sekol.org\/sl\/wp-json\/wp\/v2\/pages\/2140\"><input type=\"hidden\" name=\"url_referer\" value=\"\"><button type=\"submit\" name=\"wpforms[submit]\" id=\"wpforms-submit-2142\" class=\"wpforms-submit\" data-alt-text=\"Senden...\" data-submit-text=\"Ich best\u00e4tige meine Abmeldung\" aria-live=\"assertive\" value=\"wpforms-submit\">Ich best\u00e4tige meine Abmeldung<\/button><img decoding=\"async\" src=\"https:\/\/schwertkampf-sekol.org\/wp-content\/plugins\/wpforms-lite\/assets\/images\/submit-spin.svg\" class=\"wpforms-submit-spinner\" style=\"display: none;\" width=\"26\" height=\"26\" alt=\"Loading\" title=\"\"><\/div><\/form><\/div>  <!-- .wpforms-container --><\/div>\n\t\t\t\t\t\t<\/div>\n\t\t\t\t<\/div>\n\t\t\t\t<div class=\"elementor-element elementor-element-99739bd elementor-widget elementor-widget-text-editor\" data-id=\"99739bd\" data-element_type=\"widget\" data-e-type=\"widget\" data-widget_type=\"text-editor.default\">\n\t\t\t\t<div class=\"elementor-widget-container\">\n\t\t\t\t\t\t\t\t\t<p>Vielen Dank, dass du bisher Teil unseres Newsletters und unserer Marketingkampagnen warst. Wir bedauern, dass du dich abmeldest, und m\u00f6chten dir mitteilen, dass du trotz der Abmeldung immer herzlich willkommen bei uns bist. Deine Unterst\u00fctzung und dein Interesse haben viel bedeutet, und wir hoffen, dich in Zukunft wieder bei uns begr\u00fc\u00dfen zu d\u00fcrfen. Solltest du Fragen oder Anliegen haben, z\u00f6gere bitte nicht, uns zu kontaktieren. Wenn du noch weitere Anpassungen ben\u00f6tigst, lass es mich wissen!<\/p><p><strong>Dein (Ex)Schwertkampf Team.<\/strong><\/p>\t\t\t\t\t\t\t\t<\/div>\n\t\t\t\t<\/div>\n\t\t\t\t\t<\/div>\n\t\t\t\t<\/div>\n\t\t\t\t<\/div>\n\t\t","protected":false},"excerpt":{"rendered":"<p>E-Mails, Newsletter &amp; Marketing Abmelden von E-Mails Wir hoffen, dich bald wiederzusehen! Vielen Dank, dass du bisher Teil unseres Newsletters und unserer Marketingkampagnen warst. Wir bedauern, dass du dich abmeldest, und m\u00f6chten dir mitteilen, dass du trotz der Abmeldung immer herzlich willkommen bei uns bist. Deine Unterst\u00fctzung und dein Interesse haben viel bedeutet, und wir hoffen, dich in Zukunft wieder bei uns begr\u00fc\u00dfen zu d\u00fcrfen. Solltest du Fragen oder Anliegen haben, z\u00f6gere bitte nicht, uns zu kontaktieren. Wenn du noch weitere Anpassungen ben\u00f6tigst, lass es mich wissen! Dein (Ex)Schwertkampf Team.<\/p>","protected":false},"author":1,"featured_media":739,"parent":0,"menu_order":0,"comment_status":"closed","ping_status":"closed","template":"","meta":{"site-sidebar-layout":"no-sidebar","site-content-layout":"page-builder","ast-site-content-layout":"full-width-container","site-content-style":"default","site-sidebar-style":"default","ast-global-header-display":"","ast-banner-title-visibility":"","ast-main-header-display":"","ast-hfb-above-header-display":"","ast-hfb-below-header-display":"","ast-hfb-mobile-header-display":"","site-post-title":"disabled","ast-breadcrumbs-content":"","ast-featured-img":"disabled","footer-sml-layout":"","ast-disable-related-posts":"","theme-transparent-header-meta":"","adv-header-id-meta":"","stick-header-meta":"","header-above-stick-meta":"","header-main-stick-meta":"","header-below-stick-meta":"","astra-migrate-meta-layouts":"default","ast-page-background-enabled":"default","ast-page-background-meta":{"desktop":{"background-color":"","background-image":"","background-repeat":"repeat","background-position":"center center","background-size":"auto","background-attachment":"scroll","background-type":"","background-media":"","overlay-type":"","overlay-color":"","overlay-opacity":"","overlay-gradient":""},"tablet":{"background-color":"","background-image":"","background-repeat":"repeat","background-position":"center center","background-size":"auto","background-attachment":"scroll","background-type":"","background-media":"","overlay-type":"","overlay-color":"","overlay-opacity":"","overlay-gradient":""},"mobile":{"background-color":"","background-image":"","background-repeat":"repeat","background-position":"center center","background-size":"auto","background-attachment":"scroll","background-type":"","background-media":"","overlay-type":"","overlay-color":"","overlay-opacity":"","overlay-gradient":""}},"ast-content-background-meta":{"desktop":{"background-color":"var(--ast-global-color-5)","background-image":"","background-repeat":"repeat","background-position":"center center","background-size":"auto","background-attachment":"scroll","background-type":"","background-media":"","overlay-type":"","overlay-color":"","overlay-opacity":"","overlay-gradient":""},"tablet":{"background-color":"var(--ast-global-color-5)","background-image":"","background-repeat":"repeat","background-position":"center center","background-size":"auto","background-attachment":"scroll","background-type":"","background-media":"","overlay-type":"","overlay-color":"","overlay-opacity":"","overlay-gradient":""},"mobile":{"background-color":"var(--ast-global-color-5)","background-image":"","background-repeat":"repeat","background-position":"center center","background-size":"auto","background-attachment":"scroll","background-type":"","background-media":"","overlay-type":"","overlay-color":"","overlay-opacity":"","overlay-gradient":""}},"footnotes":""},"class_list":["post-2140","page","type-page","status-publish","has-post-thumbnail","hentry"],"_links":{"self":[{"href":"https:\/\/schwertkampf-sekol.org\/sl\/wp-json\/wp\/v2\/pages\/2140","targetHints":{"allow":["GET"]}}],"collection":[{"href":"https:\/\/schwertkampf-sekol.org\/sl\/wp-json\/wp\/v2\/pages"}],"about":[{"href":"https:\/\/schwertkampf-sekol.org\/sl\/wp-json\/wp\/v2\/types\/page"}],"author":[{"embeddable":true,"href":"https:\/\/schwertkampf-sekol.org\/sl\/wp-json\/wp\/v2\/users\/1"}],"replies":[{"embeddable":true,"href":"https:\/\/schwertkampf-sekol.org\/sl\/wp-json\/wp\/v2\/comments?post=2140"}],"version-history":[{"count":77,"href":"https:\/\/schwertkampf-sekol.org\/sl\/wp-json\/wp\/v2\/pages\/2140\/revisions"}],"predecessor-version":[{"id":6932,"href":"https:\/\/schwertkampf-sekol.org\/sl\/wp-json\/wp\/v2\/pages\/2140\/revisions\/6932"}],"wp:featuredmedia":[{"embeddable":true,"href":"https:\/\/schwertkampf-sekol.org\/sl\/wp-json\/wp\/v2\/media\/739"}],"wp:attachment":[{"href":"https:\/\/schwertkampf-sekol.org\/sl\/wp-json\/wp\/v2\/media?parent=2140"}],"curies":[{"name":"wp","href":"https:\/\/api.w.org\/{rel}","templated":true}]}}