{"id":2032,"date":"2023-10-04T05:25:39","date_gmt":"2023-10-04T05:25:39","guid":{"rendered":"http:\/\/schwertkampf-sekol.org\/?page_id=2032"},"modified":"2025-06-27T07:28:29","modified_gmt":"2025-06-27T07:28:29","slug":"impressum","status":"publish","type":"page","link":"https:\/\/schwertkampf-sekol.org\/sl\/impressum\/","title":{"rendered":"Impresum"},"content":{"rendered":"\t\t<div data-elementor-type=\"wp-page\" data-elementor-id=\"2032\" class=\"elementor elementor-2032\">\n\t\t\t\t\t\t<section class=\"elementor-section elementor-top-section elementor-element elementor-element-214bc1ce elementor-section-content-middle elementor-section-height-full elementor-section-boxed elementor-section-height-default elementor-section-items-middle wpr-particle-no wpr-parallax-no wpr-sticky-section-no\" data-id=\"214bc1ce\" data-element_type=\"section\" data-e-type=\"section\" data-settings=\"{&quot;background_background&quot;:&quot;classic&quot;}\">\n\t\t\t\t\t\t<div class=\"elementor-container elementor-column-gap-default\">\n\t\t\t\t\t<div class=\"elementor-column elementor-col-66 elementor-top-column elementor-element elementor-element-64ea5e82\" data-id=\"64ea5e82\" data-element_type=\"column\" data-e-type=\"column\" data-settings=\"{&quot;background_background&quot;:&quot;classic&quot;}\">\n\t\t\t<div class=\"elementor-widget-wrap elementor-element-populated\">\n\t\t\t\t\t\t<div class=\"elementor-element elementor-element-27c3469f elementor-widget-divider--view-line_text elementor-widget-divider--element-align-left elementor-widget elementor-widget-divider\" data-id=\"27c3469f\" data-element_type=\"widget\" data-e-type=\"widget\" data-widget_type=\"divider.default\">\n\t\t\t\t<div class=\"elementor-widget-container\">\n\t\t\t\t\t\t\t<div class=\"elementor-divider\">\n\t\t\t<span class=\"elementor-divider-separator\">\n\t\t\t\t\t\t\t<h3 class=\"elementor-divider__text elementor-divider__element\">\n\t\t\t\tVerantwortliche Personen, Kontakt\t\t\t\t<\/h3>\n\t\t\t\t\t\t<\/span>\n\t\t<\/div>\n\t\t\t\t\t\t<\/div>\n\t\t\t\t<\/div>\n\t\t\t\t<div class=\"elementor-element elementor-element-1515d4a9 elementor-widget elementor-widget-heading\" data-id=\"1515d4a9\" data-element_type=\"widget\" data-e-type=\"widget\" data-widget_type=\"heading.default\">\n\t\t\t\t<div class=\"elementor-widget-container\">\n\t\t\t\t\t<h1 class=\"elementor-heading-title elementor-size-default\">Impressum<\/h1>\t\t\t\t<\/div>\n\t\t\t\t<\/div>\n\t\t\t\t<div class=\"elementor-element elementor-element-4a3fac08 elementor-widget elementor-widget-heading\" data-id=\"4a3fac08\" data-element_type=\"widget\" data-e-type=\"widget\" data-widget_type=\"heading.default\">\n\t\t\t\t<div class=\"elementor-widget-container\">\n\t\t\t\t\t<h2 class=\"elementor-heading-title elementor-size-default\">Besuchen Sie uns an unseren Standorten in Graz, Premst\u00e4tten, Maribor und Koper.\n\n<\/h2>\t\t\t\t<\/div>\n\t\t\t\t<\/div>\n\t\t\t\t\t<\/div>\n\t\t<\/div>\n\t\t\t\t<div class=\"elementor-column elementor-col-33 elementor-top-column elementor-element elementor-element-56d913c2 elementor-hidden-mobile\" data-id=\"56d913c2\" data-element_type=\"column\" data-e-type=\"column\">\n\t\t\t<div class=\"elementor-widget-wrap\">\n\t\t\t\t\t\t\t<\/div>\n\t\t<\/div>\n\t\t\t\t\t<\/div>\n\t\t<\/section>\n\t\t<div class=\"elementor-element elementor-element-ff05254 e-flex e-con-boxed wpr-particle-no wpr-jarallax-no wpr-parallax-no wpr-sticky-section-no e-con e-parent\" data-id=\"ff05254\" data-element_type=\"container\" data-e-type=\"container\" data-settings=\"{&quot;background_background&quot;:&quot;slideshow&quot;,&quot;background_slideshow_gallery&quot;:[{&quot;id&quot;:1784,&quot;url&quot;:&quot;http:\\\/\\\/schwertkampf-sekol.org\\\/wp-content\\\/uploads\\\/2023\\\/09\\\/cropped-logo-shadow-1.png&quot;}],&quot;background_slideshow_loop&quot;:&quot;yes&quot;,&quot;background_slideshow_slide_duration&quot;:5000,&quot;background_slideshow_slide_transition&quot;:&quot;fade&quot;,&quot;background_slideshow_transition_duration&quot;:500}\">\n\t\t\t\t\t<div class=\"e-con-inner\">\n\t\t\t\t<div class=\"elementor-element elementor-element-49d1ee3 elementor-widget elementor-widget-text-editor\" data-id=\"49d1ee3\" data-element_type=\"widget\" data-e-type=\"widget\" data-widget_type=\"text-editor.default\">\n\t\t\t\t<div class=\"elementor-widget-container\">\n\t\t\t\t\t\t\t\t\t<p><strong>Sie finden uns unter den Namen oder Suchbegriffen: Schwertkampf Sekol, Me\u010devanje Sekol, Swordsmanship Sekol, Samurai Swordsmanship, Samurai Swordsmanship School, Japanese Swordsmanship Association, Samurai Swordsmanship Association, Katana School, Samurai School, iaijutsu, iaido, naginatajutsu.<\/strong><\/p><p><strong>Verantwortliche Person f\u00fcr Graz und Maribor:<\/strong><\/p><ul><li>Herr Sebastijan Sekol,<\/li><li>Premst\u00e4tten, \u00d6sterreich<\/li><li><span style=\"display:flex;justify-content:flex-end;unicode-bidi:bidi-override;direction:rtl;\" class=\"\">gro.lokes-fpmaktrewhcs<span style=\"display:none;\">obfsctd-3f6911<\/span>&#64;ofni<\/span><\/li><li>+43 677 640 932 35<\/li><\/ul><p><strong>Verantwortliche Person f\u00fcr Koper und Vertreterin der slowenischen Gruppen:<\/strong><\/p><ul><li>Frau Adriana \u0160pela Rube\u0161a Fernandez, PhD<\/li><li>Koper, Slowenien<\/li><li><span style=\"display:flex;justify-content:flex-end;unicode-bidi:bidi-override;direction:rtl;\" class=\"\">gro.lokes-ejnavecem<span style=\"display:none;\">obfsctd-58e492<\/span>&#64;ofni<\/span><\/li><li>+386 40 136 963<\/li><\/ul><p><strong>Fotos:<\/strong><\/p><p>Benjamin Bu\u017eo, Nenad Vu\u010di\u0107, Sebastijan Sekol, Gorazd Gregori\u010d,\u00a0<\/p><p><strong>Barrierefreiheit:<\/strong><\/p><p>Unsere Website dient ausschlie\u00dflich Informationszwecken und erm\u00f6glicht keine Vertragsabschl\u00fcsse durch Verbraucher. Daher unterliegt sie nicht dem Barrierefreiheitsgesetz. Sollten Sie Probleme beim Abruf von Inhalten haben, kontaktieren Sie uns bitte direkt \u2013 wir helfen Ihnen gerne weiter.<\/p>\t\t\t\t\t\t\t\t<\/div>\n\t\t\t\t<\/div>\n\t\t\t\t\t<\/div>\n\t\t\t\t<\/div>\n\t\t\t\t<\/div>\n\t\t","protected":false},"excerpt":{"rendered":"<p>Verantwortliche Personen, Kontakt Impressum Besuchen Sie uns an unseren Standorten in Graz, Premst\u00e4tten, Maribor und Koper. Sie finden uns unter den Namen oder Suchbegriffen: Schwertkampf Sekol, Me\u010devanje Sekol, Swordsmanship Sekol, Samurai Swordsmanship, Samurai Swordsmanship School, Japanese Swordsmanship Association, Samurai Swordsmanship Association, Katana School, Samurai School, iaijutsu, iaido, naginatajutsu. Verantwortliche Person f\u00fcr Graz und Maribor: Herr Sebastijan Sekol, Premst\u00e4tten, \u00d6sterreich +43 677 640 932 35 Verantwortliche Person f\u00fcr Koper und Vertreterin der slowenischen Gruppen: Frau Adriana \u0160pela Rube\u0161a Fernandez, PhD Koper, Slowenien +386 40 136 963 Fotos: Benjamin Bu\u017eo, Nenad Vu\u010di\u0107, Sebastijan Sekol, Gorazd Gregori\u010d,\u00a0 Barrierefreiheit: Unsere Website dient ausschlie\u00dflich Informationszwecken und erm\u00f6glicht keine Vertragsabschl\u00fcsse durch Verbraucher. Daher unterliegt sie nicht dem Barrierefreiheitsgesetz. Sollten Sie Probleme beim Abruf von Inhalten haben, kontaktieren Sie uns bitte direkt \u2013 wir helfen Ihnen gerne weiter.<\/p>","protected":false},"author":1,"featured_media":820,"parent":0,"menu_order":0,"comment_status":"closed","ping_status":"closed","template":"","meta":{"site-sidebar-layout":"no-sidebar","site-content-layout":"page-builder","ast-site-content-layout":"full-width-container","site-content-style":"unboxed","site-sidebar-style":"unboxed","ast-global-header-display":"","ast-banner-title-visibility":"","ast-main-header-display":"","ast-hfb-above-header-display":"","ast-hfb-below-header-display":"","ast-hfb-mobile-header-display":"","site-post-title":"disabled","ast-breadcrumbs-content":"","ast-featured-img":"disabled","footer-sml-layout":"","ast-disable-related-posts":"","theme-transparent-header-meta":"","adv-header-id-meta":"","stick-header-meta":"","header-above-stick-meta":"","header-main-stick-meta":"","header-below-stick-meta":"","astra-migrate-meta-layouts":"set","ast-page-background-enabled":"default","ast-page-background-meta":{"desktop":{"background-color":"","background-image":"","background-repeat":"repeat","background-position":"center center","background-size":"auto","background-attachment":"scroll","background-type":"","background-media":"","overlay-type":"","overlay-color":"","overlay-opacity":"","overlay-gradient":""},"tablet":{"background-color":"","background-image":"","background-repeat":"repeat","background-position":"center center","background-size":"auto","background-attachment":"scroll","background-type":"","background-media":"","overlay-type":"","overlay-color":"","overlay-opacity":"","overlay-gradient":""},"mobile":{"background-color":"","background-image":"","background-repeat":"repeat","background-position":"center center","background-size":"auto","background-attachment":"scroll","background-type":"","background-media":"","overlay-type":"","overlay-color":"","overlay-opacity":"","overlay-gradient":""}},"ast-content-background-meta":{"desktop":{"background-color":"var(--ast-global-color-5)","background-image":"","background-repeat":"repeat","background-position":"center center","background-size":"auto","background-attachment":"scroll","background-type":"","background-media":"","overlay-type":"","overlay-color":"","overlay-opacity":"","overlay-gradient":""},"tablet":{"background-color":"var(--ast-global-color-5)","background-image":"","background-repeat":"repeat","background-position":"center center","background-size":"auto","background-attachment":"scroll","background-type":"","background-media":"","overlay-type":"","overlay-color":"","overlay-opacity":"","overlay-gradient":""},"mobile":{"background-color":"var(--ast-global-color-5)","background-image":"","background-repeat":"repeat","background-position":"center center","background-size":"auto","background-attachment":"scroll","background-type":"","background-media":"","overlay-type":"","overlay-color":"","overlay-opacity":"","overlay-gradient":""}},"footnotes":""},"class_list":["post-2032","page","type-page","status-publish","has-post-thumbnail","hentry"],"_links":{"self":[{"href":"https:\/\/schwertkampf-sekol.org\/sl\/wp-json\/wp\/v2\/pages\/2032","targetHints":{"allow":["GET"]}}],"collection":[{"href":"https:\/\/schwertkampf-sekol.org\/sl\/wp-json\/wp\/v2\/pages"}],"about":[{"href":"https:\/\/schwertkampf-sekol.org\/sl\/wp-json\/wp\/v2\/types\/page"}],"author":[{"embeddable":true,"href":"https:\/\/schwertkampf-sekol.org\/sl\/wp-json\/wp\/v2\/users\/1"}],"replies":[{"embeddable":true,"href":"https:\/\/schwertkampf-sekol.org\/sl\/wp-json\/wp\/v2\/comments?post=2032"}],"version-history":[{"count":68,"href":"https:\/\/schwertkampf-sekol.org\/sl\/wp-json\/wp\/v2\/pages\/2032\/revisions"}],"predecessor-version":[{"id":8588,"href":"https:\/\/schwertkampf-sekol.org\/sl\/wp-json\/wp\/v2\/pages\/2032\/revisions\/8588"}],"wp:featuredmedia":[{"embeddable":true,"href":"https:\/\/schwertkampf-sekol.org\/sl\/wp-json\/wp\/v2\/media\/820"}],"wp:attachment":[{"href":"https:\/\/schwertkampf-sekol.org\/sl\/wp-json\/wp\/v2\/media?parent=2032"}],"curies":[{"name":"wp","href":"https:\/\/api.w.org\/{rel}","templated":true}]}}